{"id":30,"date":"2024-05-20T11:39:44","date_gmt":"2024-05-20T11:39:44","guid":{"rendered":"http:\/\/alpha-color.ancorathemes.com\/?page_id=30"},"modified":"2024-06-21T16:46:29","modified_gmt":"2024-06-21T16:46:29","slug":"unsere-leistungen","status":"publish","type":"page","link":"https:\/\/flori-kopiersysteme.de\/?page_id=30","title":{"rendered":"Unsere Leistungen"},"content":{"rendered":"<div class=\"wpb-content-wrapper\"><p>[vc_row full_width=&#8221;stretch_row&#8221; equal_height=&#8221;yes&#8221; content_placement=&#8221;middle&#8221; css=&#8221;.vc_custom_1507878724920{background-color: #f4f6fa !important;}&#8221;][vc_column icons_position=&#8221;left&#8221;][vc_empty_space alter_height=&#8221;medium&#8221; hide_on_desktop=&#8221;&#8221; hide_on_notebook=&#8221;&#8221; hide_on_tablet=&#8221;&#8221; hide_on_mobile=&#8221;&#8221;]<div id=\"sc_title_1521995391\"\n\t\tclass=\"sc_title color_style_default sc_title_default\"><h3 class=\"sc_item_title sc_title_title sc_align_left sc_item_title_style_default\">Unsere Leistungen<\/h3><\/div><!-- \/.sc_title -->[vc_empty_space alter_height=&#8221;medium&#8221; hide_on_desktop=&#8221;&#8221; hide_on_notebook=&#8221;&#8221; hide_on_tablet=&#8221;&#8221; hide_on_mobile=&#8221;&#8221;][vc_column_text]<span style=\"font-size: 21px; letter-spacing: 0px;\"><strong>Verkauf von B\u00fcroger\u00e4ten und Verbrauchsmaterialien<\/strong><\/span><br \/>\n<span style=\"font-size: 18px; letter-spacing: 0px;\"><br \/>\nBei Flori Kopiersysteme bieten wir eine umfangreiche Auswahl an hochwertigen gebrauchten B\u00fcroger\u00e4ten, darunter Kopierer und Drucker, die sorgf\u00e4ltig gepr\u00fcft, professionell aufbereitet und sofort einsatzbereit sind. Unsere Gebrauchtger\u00e4te durchlaufen einen gr\u00fcndlichen Pr\u00fcfprozess, um sicherzustellen, dass sie in einwandfreiem Zustand sind und eine hervorragende Leistung bieten.<br \/>\n<span style=\"font-size: 18px; letter-spacing: 0px;\"><br \/>\nUnsere professionelle Aufbereitung umfasst eine gr\u00fcndliche Reinigung, Wartung und \u00dcberpr\u00fcfung aller wichtigen Komponenten, um sicherzustellen, dass die Ger\u00e4te wie neu funktionieren. Wir setzen auf qualitativ hochwertige Produkte f\u00fchrender Hersteller und bieten Ihnen eine kosteng\u00fcnstige Alternative zum Kauf neuer Ger\u00e4te.<br \/>\n<span style=\"font-size: 18px; letter-spacing: 0px;\"><br \/>\nDar\u00fcber hinaus bieten wir auch eine breite Palette an Tonerkartuschen an, um sicherzustellen, dass Ihre B\u00fcroger\u00e4te stets einsatzbereit sind. Unsere Tonerkartuschen sind von h\u00f6chster Qualit\u00e4t und unterst\u00fctzen Sie dabei, qualitativ hochwertige Ausdrucke und Kopien zu erstellen.<br \/>\n<span style=\"font-size: 18px; letter-spacing: 0px;\"><br \/>\nIndem Sie sich f\u00fcr gebrauchte B\u00fcroger\u00e4te und Tonerkartuschen von uns entscheiden, k\u00f6nnen Sie Kosten sparen und gleichzeitig von hochwertigen Produkten profitieren, die Ihre Anforderungen erf\u00fcllen. Entdecken Sie unsere Auswahl an gebrauchten B\u00fcroger\u00e4ten und Tonerkartuschen und finden Sie die passende L\u00f6sung f\u00fcr Ihre B\u00fcrobed\u00fcrfnisse. <\/span><br \/>\n[\/vc_column_text][vc_empty_space alter_height=&#8221;medium&#8221; hide_on_desktop=&#8221;&#8221; hide_on_notebook=&#8221;&#8221; hide_on_tablet=&#8221;&#8221; hide_on_mobile=&#8221;&#8221;][vc_column_text]<span style=\"font-size: 21px; letter-spacing: 0px;\"><strong>Konfiguration und Betankungen<\/strong><br \/>\n<span style=\"font-size: 18px; letter-spacing: 0px;\"><br \/>\nFlori Kopiersysteme \u00fcbernimmt die Einrichtung Ihrer Kopierger\u00e4te f\u00fcr Sie. Das bedeutet, dass wir Ihre Ger\u00e4te bereits vorkonfigurieren und mit den erforderlichen Daten und Softwareprogrammen ausstatten. Dadurch sind Ihre Ger\u00e4te sofort einsatzbereit und Sie k\u00f6nnen sich ohne Verz\u00f6gerung auf Ihre Arbeit konzentrieren.<br \/>\n<span style=\"font-size: 18px; letter-spacing: 0px;\"><br \/>\nUnsere erfahrenen Techniker stellen sicher, dass Ihre Ger\u00e4te perfekt auf Ihre individuellen Anforderungen abgestimmt sind und nahtlos mit Ihrem bestehenden B\u00fcronetzwerk zusammenarbeiten. So k\u00f6nnen Sie sicher sein, dass Ihre Ger\u00e4te optimal funktionieren und Sie produktiv arbeiten k\u00f6nnen, ohne Zeit mit der Einrichtung zu verlieren. <\/span><\/span><\/span>[\/vc_column_text][vc_empty_space alter_height=&#8221;medium&#8221; hide_on_desktop=&#8221;&#8221; hide_on_notebook=&#8221;&#8221; hide_on_tablet=&#8221;&#8221; hide_on_mobile=&#8221;&#8221;][vc_column_text]<span style=\"font-size: 21px; letter-spacing: 0px;\"><strong>Instandhaltung<\/strong><br \/>\n<span style=\"font-size: 18px; letter-spacing: 0px;\"><br \/>\nFlori Kopiersysteme bietet umfassende Instandhaltungsdienste f\u00fcr Ihre B\u00fcroger\u00e4te an. Wir bieten Wartungsvertr\u00e4ge und Mietvertr\u00e4ge an, um sicherzustellen, dass Ihre Ger\u00e4te stets optimal funktionieren.<br \/>\n<span style=\"font-size: 18px; letter-spacing: 0px;\"><br \/>\nDurch den Abschluss eines Wartungsvertrags oder Mietvertrags k\u00f6nnen Sie sicher sein, dass Ihre Ger\u00e4te regelm\u00e4\u00dfig gewartet und instand gehalten werden. Dies beinhaltet nicht nur die routinem\u00e4\u00dfige Wartung, sondern auch die Behebung von Problemen und die Reparatur von Defekten.<br \/>\n<span style=\"font-size: 18px; letter-spacing: 0px;\"><br \/>\nEin gro\u00dfer Vorteil unserer Instandhaltungsdienste ist, dass Reparaturdienste sowie Toner im Vertrag enthalten sind. Das bedeutet, dass Sie sich keine Gedanken \u00fcber zus\u00e4tzliche Kosten f\u00fcr Reparaturen oder Verbrauchsmaterialien machen m\u00fcssen. Unsere erfahrenen Techniker stehen Ihnen bei Bedarf zur Verf\u00fcgung, um sicherzustellen, dass Ihre Ger\u00e4te jederzeit einsatzbereit sind und Ihre Produktivit\u00e4t nicht beeintr\u00e4chtigt wird.<br \/>\n<span style=\"font-size: 18px; letter-spacing: 0px;\"><br \/>\nEntdecken Sie die Vorteile unserer Instandhaltungsdienste und sorgen Sie daf\u00fcr, dass Ihre B\u00fcroger\u00e4te immer in bestem Zustand sind. <\/span><\/span><\/span><\/span><\/span>[\/vc_column_text][vc_empty_space alter_height=&#8221;medium&#8221; hide_on_desktop=&#8221;&#8221; hide_on_notebook=&#8221;&#8221; hide_on_tablet=&#8221;&#8221; hide_on_mobile=&#8221;&#8221;][vc_column_text]<span style=\"font-size: 18px; letter-spacing: 0px;\"><strong>Reparaturdienst<br \/>\n<\/strong><br \/>\nBei Flori Kopiersysteme k\u00fcmmern wir uns um die Reparatur Ihrer Kopierger\u00e4te und Drucker, damit Sie schnellstm\u00f6glich wieder einsatzbereit sind. Unser Reparaturdienst bietet Ihnen zwei flexible Optionen, um Ihre Ger\u00e4te wieder zum Laufen zu bringen.<br \/>\n<span style=\"font-size: 18px; letter-spacing: 0px;\"><br \/>\nUnser mobiles Team von Technikern steht Ihnen zur Verf\u00fcgung, um bei Bedarf zu Ihnen zu kommen und vor Ort Reparaturen durchzuf\u00fchren. Wir bringen das n\u00f6tige Know-how und die erforderlichen Ersatzteile mit, um die Reparatur effizient und professionell durchzuf\u00fchren.<br \/>\n<span style=\"font-size: 18px; letter-spacing: 0px;\"><br \/>\nAlternativ k\u00f6nnen Sie Ihr defektes Ger\u00e4t auch in unserem Gesch\u00e4ft abliefern, wo wir es f\u00fcr Sie reparieren. Unsere erfahrenen Techniker stehen bereit, um das Problem zu diagnostizieren und die notwendigen Reparaturen durchzuf\u00fchren. Wir sorgen daf\u00fcr, dass Ihr Ger\u00e4t schnellstm\u00f6glich wieder einsatzbereit ist, damit Sie Ihre Arbeit fortsetzen k\u00f6nnen.<br \/>\n<span style=\"font-size: 18px; letter-spacing: 0px;\"><br \/>\nEgal f\u00fcr welche Option Sie sich entscheiden, unser Ziel ist es, Ihre Zufriedenheit sicherzustellen und sicherzustellen, dass Ihre B\u00fcroger\u00e4te reibungslos funktionieren.<\/span><\/span><\/span><\/span>[\/vc_column_text][vc_empty_space alter_height=&#8221;medium&#8221; hide_on_desktop=&#8221;&#8221; hide_on_notebook=&#8221;&#8221; hide_on_tablet=&#8221;&#8221; hide_on_mobile=&#8221;&#8221;][vc_column_text]<span style=\"font-size: 21px; letter-spacing: 0px;\"><strong>Beratung und ma\u00dfgeschneiderte L\u00f6sungen <\/strong><br \/>\n<span style=\"font-size: 18px; letter-spacing: 0px;\"><br \/>\nUnser erfahrenes Team steht Ihnen zur Verf\u00fcgung, um Sie bei der Auswahl der richtigen B\u00fcroger\u00e4te und L\u00f6sungen zu unterst\u00fctzen, die Ihren Anforderungen und Ihrem Budget entsprechen. Wir bieten ma\u00dfgeschneiderte L\u00f6sungen, um sicherzustellen, dass Ihre B\u00fcroausstattung optimal auf Ihre Bed\u00fcrfnisse zugeschnitten ist. Unsere Experten beraten Sie gerne und helfen Ihnen dabei, die richtigen Entscheidungen f\u00fcr Ihr B\u00fcro zu treffen.<\/span><\/span>[\/vc_column_text][vc_empty_space alter_height=&#8221;medium&#8221; hide_on_desktop=&#8221;&#8221; hide_on_notebook=&#8221;&#8221; hide_on_tablet=&#8221;&#8221; hide_on_mobile=&#8221;&#8221;][\/vc_column][\/vc_row]<\/p>\n<\/div>","protected":false},"excerpt":{"rendered":"<p>[vc_row full_width=&#8221;stretch_row&#8221; equal_height=&#8221;yes&#8221; content_placement=&#8221;middle&#8221; css=&#8221;.vc_custom_1507878724920{background-color: #f4f6fa !important;}&#8221;][vc_column icons_position=&#8221;left&#8221;][vc_empty_space alter_height=&#8221;medium&#8221; hide_on_desktop=&#8221;&#8221; hide_on_notebook=&#8221;&#8221; hide_on_tablet=&#8221;&#8221; hide_on_mobile=&#8221;&#8221;][vc_empty_space alter_height=&#8221;medium&#8221; hide_on_desktop=&#8221;&#8221; hide_on_notebook=&#8221;&#8221; hide_on_tablet=&#8221;&#8221; hide_on_mobile=&#8221;&#8221;][vc_column_text]Verkauf von B\u00fcroger\u00e4ten und Verbrauchsmaterialien Bei Flori Kopiersysteme bieten wir eine umfangreiche Auswahl an hochwertigen gebrauchten B\u00fcroger\u00e4ten, darunter Kopierer und Drucker, die sorgf\u00e4ltig gepr\u00fcft, professionell aufbereitet und sofort einsatzbereit sind. Unsere Gebrauchtger\u00e4te durchlaufen einen gr\u00fcndlichen Pr\u00fcfprozess, um sicherzustellen, dass sie in einwandfreiem Zustand&hellip;<\/p>\n","protected":false},"author":1,"featured_media":0,"parent":0,"menu_order":0,"comment_status":"closed","ping_status":"closed","template":"","meta":{"footnotes":""},"class_list":["post-30","page","type-page","status-publish","hentry"],"_links":{"self":[{"href":"https:\/\/flori-kopiersysteme.de\/index.php?rest_route=\/wp\/v2\/pages\/30"}],"collection":[{"href":"https:\/\/flori-kopiersysteme.de\/index.php?rest_route=\/wp\/v2\/pages"}],"about":[{"href":"https:\/\/flori-kopiersysteme.de\/index.php?rest_route=\/wp\/v2\/types\/page"}],"author":[{"embeddable":true,"href":"https:\/\/flori-kopiersysteme.de\/index.php?rest_route=\/wp\/v2\/users\/1"}],"replies":[{"embeddable":true,"href":"https:\/\/flori-kopiersysteme.de\/index.php?rest_route=%2Fwp%2Fv2%2Fcomments&post=30"}],"version-history":[{"count":20,"href":"https:\/\/flori-kopiersysteme.de\/index.php?rest_route=\/wp\/v2\/pages\/30\/revisions"}],"predecessor-version":[{"id":3763,"href":"https:\/\/flori-kopiersysteme.de\/index.php?rest_route=\/wp\/v2\/pages\/30\/revisions\/3763"}],"wp:attachment":[{"href":"https:\/\/flori-kopiersysteme.de\/index.php?rest_route=%2Fwp%2Fv2%2Fmedia&parent=30"}],"curies":[{"name":"wp","href":"https:\/\/api.w.org\/{rel}","templated":true}]}}