{"id":65,"date":"2017-06-20T11:43:39","date_gmt":"2017-06-20T11:43:39","guid":{"rendered":"http:\/\/alpha-color.ancorathemes.com\/?page_id=65"},"modified":"2024-07-08T14:07:38","modified_gmt":"2024-07-08T14:07:38","slug":"about-1","status":"publish","type":"page","link":"https:\/\/flori-kopiersysteme.de\/?page_id=65","title":{"rendered":"\u00dcber uns"},"content":{"rendered":"<div class=\"wpb-content-wrapper\"><p>[vc_row equal_height=&#8221;yes&#8221; content_placement=&#8221;middle&#8221; hide_bg_image_on_tablet=&#8221;&#8221; hide_bg_image_on_mobile=&#8221;&#8221;][vc_column width=&#8221;1\/4&#8243; icons_position=&#8221;left&#8221; offset=&#8221;vc_col-md-6&#8243;][vc_single_image image=&#8221;3326&#8243; img_size=&#8221;full&#8221;][\/vc_column][vc_column width=&#8221;3\/4&#8243; icons_position=&#8221;left&#8221; offset=&#8221;vc_col-md-6&#8243;][vc_empty_space alter_height=&#8221;large&#8221; hide_on_desktop=&#8221;1&#8243; hide_on_notebook=&#8221;1&#8243; hide_on_tablet=&#8221;&#8221; hide_on_mobile=&#8221;&#8221;]<div id=\"sc_content_404719181\"\n\t\tclass=\"sc_content color_style_default sc_content_default sc_float_center sc_padding_tiny\"><div class=\"sc_content_container\"><div id=\"sc_title_542467420\"\n\t\tclass=\"sc_title color_style_default sc_title_default\"><h6 class=\"sc_item_subtitle sc_title_subtitle sc_align_left sc_item_title_style_default\">\u00dcber uns<\/h6><h5 class=\"sc_item_title sc_title_title sc_align_left sc_item_title_style_default sc_item_title_tag\">FLORI KOPIERSYSTEME: IHRE L\u00d6SUNG F\u00dcR HOCHWERTIGE B\u00dcROAUSSTATTUNG UND EFFIZIENTE ARBEITSABL\u00c4UFE<\/h5><div class=\"sc_item_descr sc_title_descr sc_align_left\"><p>Willkommen bei Flori Kopiersysteme, Ihrem f\u00fchrenden Anbieter f\u00fcr hochwertige B\u00fcroausstattung und effiziente Arbeitsabl\u00e4ufe. Seit unserer Gr\u00fcndung im Jahr 2005 stehen wir f\u00fcr Qualit\u00e4t, Zuverl\u00e4ssigkeit und erstklassigen Service.<\/p>\n<\/div><\/div><!-- \/.sc_title --><div id=\"sc_title_986576647\"\n\t\tclass=\"sc_title color_style_default sc_title_default\"><h5 class=\"sc_item_title sc_title_title sc_align_left sc_item_title_style_default sc_item_title_tag\">UNSERE MISSION: QUALIT\u00c4T UND KUNDENORIENTIERUNG<\/h5><div class=\"sc_item_descr sc_title_descr sc_align_left\"><p>Seit \u00fcber 15 Jahren bieten wir unseren Kunden innovative L\u00f6sungen im Bereich Kopiersysteme und Drucker. Unser Anspruch ist es, hochwertige Ger\u00e4te anzubieten, die nicht nur den Anforderungen unserer Kunden entsprechen, sondern auch h\u00f6chste Qualit\u00e4tsstandards erf\u00fcllen. Jedes Ger\u00e4t wird sorgf\u00e4ltig aufbereitet, gepr\u00fcft und gereinigt, um sicherzustellen, dass es in einem erstklassigen Zustand ist. Unser breit gef\u00e4chertes Sortiment umfasst eine Vielzahl von Kopiersystemen f\u00fchrender Hersteller, um sicherzustellen, dass wir f\u00fcr jeden Bedarf die passende L\u00f6sung bieten k\u00f6nnen.<br \/>\nBei Flori Kopiersysteme steht die Zufriedenheit unserer Kunden an erster Stelle. Unser erfahrenes Team steht Ihnen mit Rat und Tat zur Seite und ber\u00e4t Sie umfassend, um die optimale L\u00f6sung f\u00fcr Ihre individuellen Anforderungen zu finden. Von der Bestellung \u00fcber die Lieferung bis hin zur Installation begleiten wir Sie auf jedem Schritt und sorgen daf\u00fcr, dass Sie mit unserem Service rundum zufrieden sind.<\/p>\n<\/div><\/div><!-- \/.sc_title --><div id=\"sc_title_147156564\"\n\t\tclass=\"sc_title color_style_default sc_title_default\"><h5 class=\"sc_item_title sc_title_title sc_align_left sc_item_title_style_default sc_item_title_tag\">SCHNELLE LIEFERUNG UND ERSTKLASSIGER SERVICE<\/h5><div class=\"sc_item_descr sc_title_descr sc_align_left\"><p>Wir wissen, dass Zeit ein kostbares Gut ist. Deshalb legen wir gro\u00dfen Wert auf schnelle Lieferungen und einen erstklassigen Service. Dank unserer effizienten Logistik und unserem engagierten Support-Team k\u00f6nnen wir Ihnen eine schnelle und zuverl\u00e4ssige Abwicklung garantieren. Egal ob Sie Fragen haben, technischen Support ben\u00f6tigen oder Hilfe bei der Installation Ihrer Ger\u00e4te ben\u00f6tigen, wir sind immer f\u00fcr Sie da und stehen Ihnen mit unserem Know-how zur Verf\u00fcgung.<\/p>\n<p>Entdecken Sie die Welt der hochwertigen B\u00fcroausstattung und effizienten Arbeitsabl\u00e4ufe mit Flori Kopiersysteme - Ihr Partner f\u00fcr nachhaltige, effiziente und zuverl\u00e4ssige L\u00f6sungen.<\/p>\n<\/div><\/div><!-- \/.sc_title --><\/div><\/div><!-- \/.sc_content -->[\/vc_column][\/vc_row]<\/p>\n<\/div>","protected":false},"excerpt":{"rendered":"<p>[vc_row equal_height=&#8221;yes&#8221; content_placement=&#8221;middle&#8221; hide_bg_image_on_tablet=&#8221;&#8221; hide_bg_image_on_mobile=&#8221;&#8221;][vc_column width=&#8221;1\/4&#8243; icons_position=&#8221;left&#8221; offset=&#8221;vc_col-md-6&#8243;][vc_single_image image=&#8221;3326&#8243; img_size=&#8221;full&#8221;][\/vc_column][vc_column width=&#8221;3\/4&#8243; icons_position=&#8221;left&#8221; offset=&#8221;vc_col-md-6&#8243;][vc_empty_space alter_height=&#8221;large&#8221; hide_on_desktop=&#8221;1&#8243; hide_on_notebook=&#8221;1&#8243; hide_on_tablet=&#8221;&#8221; hide_on_mobile=&#8221;&#8221;][\/vc_column][\/vc_row]<\/p>\n","protected":false},"author":1,"featured_media":0,"parent":0,"menu_order":0,"comment_status":"closed","ping_status":"closed","template":"","meta":{"footnotes":""},"class_list":["post-65","page","type-page","status-publish","hentry"],"_links":{"self":[{"href":"https:\/\/flori-kopiersysteme.de\/index.php?rest_route=\/wp\/v2\/pages\/65"}],"collection":[{"href":"https:\/\/flori-kopiersysteme.de\/index.php?rest_route=\/wp\/v2\/pages"}],"about":[{"href":"https:\/\/flori-kopiersysteme.de\/index.php?rest_route=\/wp\/v2\/types\/page"}],"author":[{"embeddable":true,"href":"https:\/\/flori-kopiersysteme.de\/index.php?rest_route=\/wp\/v2\/users\/1"}],"replies":[{"embeddable":true,"href":"https:\/\/flori-kopiersysteme.de\/index.php?rest_route=%2Fwp%2Fv2%2Fcomments&post=65"}],"version-history":[{"count":22,"href":"https:\/\/flori-kopiersysteme.de\/index.php?rest_route=\/wp\/v2\/pages\/65\/revisions"}],"predecessor-version":[{"id":3887,"href":"https:\/\/flori-kopiersysteme.de\/index.php?rest_route=\/wp\/v2\/pages\/65\/revisions\/3887"}],"wp:attachment":[{"href":"https:\/\/flori-kopiersysteme.de\/index.php?rest_route=%2Fwp%2Fv2%2Fmedia&parent=65"}],"curies":[{"name":"wp","href":"https:\/\/api.w.org\/{rel}","templated":true}]}}