{"id":4134,"date":"2024-09-17T10:52:57","date_gmt":"2024-09-17T10:52:57","guid":{"rendered":"https:\/\/flori-kopiersysteme.de\/?post_type=product&#038;p=4134"},"modified":"2024-09-18T13:10:17","modified_gmt":"2024-09-18T13:10:17","slug":"utax-p-4020dn","status":"publish","type":"product","link":"https:\/\/flori-kopiersysteme.de\/?product=utax-p-4020dn","title":{"rendered":"UTAX P-4020DN"},"content":{"rendered":"<div class=\"mmt-custom-content col-sm-12 mmt-table-custom-parent col-lg-12\">\n<p>Entdecken Sie den DIN-A4-Schwarzwei\u00df-Drucker P-4020DN \u2013 kompakt, leistungsstark und ideal f\u00fcr jedes B\u00fcro, selbst f\u00fcr kleinste Arbeitspl\u00e4tze. Mit seiner beeindruckenden Druckgeschwindigkeit von 40 DIN-A4-Seiten pro Minute bew\u00e4ltigt dieser Drucker selbst komplexe Dokumente ultraschnell, was Ihrer Produktivit\u00e4t kaum Grenzen setzt.<\/p>\n<p>Das platzsparende Design des P-4020DN erm\u00f6glicht es, ihn \u00fcberall unterzubringen, selbst direkt auf dem Schreibtisch. Das Drucksystem ist mit einem 2-zeiligen LCD-Display ausgestattet, das durch klar verst\u00e4ndliche Tasten erg\u00e4nzt wird, was eine einfache und \u00fcbersichtliche Bedienung erlaubt. Ein besonderer Komfort ist der ger\u00e4uschreduzierende Modus \u201eLeiser Druck\u201c, der mit nur einem Tastendruck aktiviert werden kann.<\/p>\n<p>Dank des USB-Host-Anschlusses an der Vorderseite des Druckers k\u00f6nnen Sie Ihre Dokumente direkt von einem USB-Stick ausdrucken. Dies spart den Umweg \u00fcber PC und Druckertreiber und erm\u00f6glicht Ihnen schnelle und flexible Ausdrucke.<\/p>\n<p>Erleben Sie mit dem DIN-A4-Schwarzwei\u00df-Drucker P-4020DN, wie Effizienz und Kompaktheit perfekt harmonieren und Ihren B\u00fcroalltag erleichtern.<\/p>\n<h5>Produktdetails<\/h5>\n<table>\n<tbody>\n<tr>\n<td width=\"302\"><strong>Hersteller:<\/strong><\/td>\n<td width=\"302\">UTAX<\/td>\n<\/tr>\n<tr>\n<td width=\"302\"><strong>Ger\u00e4tetyp:<\/strong><\/td>\n<td width=\"302\">Tischger\u00e4t<\/td>\n<\/tr>\n<tr>\n<td width=\"302\"><strong>Funktionen:<\/strong><\/td>\n<td width=\"302\">Drucken<\/td>\n<\/tr>\n<tr>\n<td width=\"302\"><strong>Druckertechnologie:<\/strong><\/td>\n<td width=\"302\">Laser S\/W<\/td>\n<\/tr>\n<tr>\n<td width=\"302\"><strong>Druckformat<\/strong><\/td>\n<td width=\"302\">max. DIN A4<\/td>\n<\/tr>\n<tr>\n<td width=\"302\"><strong>Druckgeschwindigkeit:<\/strong><\/td>\n<td width=\"302\">max. 40 DIN-A4-Seiten\/Min. Duplex: max. 20 DIN-A4-Seiten\/Min.<\/td>\n<\/tr>\n<tr>\n<td width=\"302\"><strong>Druckaufl\u00f6sung:<\/strong><\/td>\n<td width=\"302\">600 x 600 dpi, 1.200 x 1.200 dpi<\/td>\n<\/tr>\n<tr>\n<td width=\"302\"><strong>Schnittstellen:<\/strong><\/td>\n<td width=\"302\">USB 2.0, 10\/100\/1000BaseTX, USB-Host<\/td>\n<\/tr>\n<tr>\n<td width=\"302\"><strong>Abmessung:<\/strong><\/td>\n<td width=\"302\">272 x 375 x 393 mm (H x B x T)<\/td>\n<\/tr>\n<tr>\n<td width=\"302\"><strong>Gewicht:<\/strong><\/td>\n<td width=\"302\">ca. 14 kg<\/td>\n<\/tr>\n<\/tbody>\n<\/table>\n<\/div>\n","protected":false},"excerpt":{"rendered":"<p><a class=\"button\" href=\"https:\/\/flori-kopiersysteme.de\/wp-content\/uploads\/2024\/09\/DB_UT_P-4020DN_P-4020DW_D.pdf\">Download Produktbrosch\u00fcre<\/a><\/p>\n","protected":false},"featured_media":4198,"template":"","meta":[],"product_cat":[76,102],"product_tag":[],"class_list":{"0":"post-4134","1":"product","2":"type-product","3":"status-publish","4":"has-post-thumbnail","6":"product_cat-drucker","7":"product_cat-tischgerat","8":"product_shipping_class-europe","10":"first","11":"instock","12":"taxable","13":"shipping-taxable","14":"purchasable","15":"product-type-simple"},"_links":{"self":[{"href":"https:\/\/flori-kopiersysteme.de\/index.php?rest_route=\/wp\/v2\/product\/4134"}],"collection":[{"href":"https:\/\/flori-kopiersysteme.de\/index.php?rest_route=\/wp\/v2\/product"}],"about":[{"href":"https:\/\/flori-kopiersysteme.de\/index.php?rest_route=\/wp\/v2\/types\/product"}],"version-history":[{"count":2,"href":"https:\/\/flori-kopiersysteme.de\/index.php?rest_route=\/wp\/v2\/product\/4134\/revisions"}],"predecessor-version":[{"id":4138,"href":"https:\/\/flori-kopiersysteme.de\/index.php?rest_route=\/wp\/v2\/product\/4134\/revisions\/4138"}],"wp:featuredmedia":[{"embeddable":true,"href":"https:\/\/flori-kopiersysteme.de\/index.php?rest_route=\/wp\/v2\/media\/4198"}],"wp:attachment":[{"href":"https:\/\/flori-kopiersysteme.de\/index.php?rest_route=%2Fwp%2Fv2%2Fmedia&parent=4134"}],"wp:term":[{"taxonomy":"product_cat","embeddable":true,"href":"https:\/\/flori-kopiersysteme.de\/index.php?rest_route=%2Fwp%2Fv2%2Fproduct_cat&post=4134"},{"taxonomy":"product_tag","embeddable":true,"href":"https:\/\/flori-kopiersysteme.de\/index.php?rest_route=%2Fwp%2Fv2%2Fproduct_tag&post=4134"}],"curies":[{"name":"wp","href":"https:\/\/api.w.org\/{rel}","templated":true}]}}