{"id":4141,"date":"2024-09-17T11:17:38","date_gmt":"2024-09-17T11:17:38","guid":{"rendered":"https:\/\/flori-kopiersysteme.de\/?post_type=product&#038;p=4141"},"modified":"2024-09-18T13:11:58","modified_gmt":"2024-09-18T13:11:58","slug":"utax-p-5032dn","status":"publish","type":"product","link":"https:\/\/flori-kopiersysteme.de\/?product=utax-p-5032dn","title":{"rendered":"UTAX P-5032DN"},"content":{"rendered":"<div class=\"mmt-custom-content col-sm-12 mmt-table-custom-parent col-lg-12\">\n<p>Die UTAX P-5032DN Drucksysteme, mit einer beeindruckenden Geschwindigkeit von 50 Seiten pro Minute, setzen neue Ma\u00dfst\u00e4be in puncto Produktivit\u00e4t. Sie verarbeiten selbst umfangreiche Auftr\u00e4ge schnell und effizient und liefern dabei stets optimale Qualit\u00e4t. Dies wird durch eine hohe Druckaufl\u00f6sung von 1.200 x 1.200 dpi und leistungsstarke Prozessoren erm\u00f6glicht.<\/p>\n<p>Das \u00fcbersichtliche LC-Display sorgt f\u00fcr eine m\u00fchelose Bedienung, indem es den Anwender intuitiv durch alle Funktionen f\u00fchrt. Alle Einstellungen sind auf Anhieb zu finden, und das zus\u00e4tzliche numerische Tastenfeld erleichtert die Eingabe von Ziffern erheblich.<\/p>\n<p>Erleben Sie, wie die UTAX P-5032DN Drucksysteme Ihre Arbeitsabl\u00e4ufe durch ihre Geschwindigkeit, Qualit\u00e4t und Benutzerfreundlichkeit revolutionieren.<\/p>\n<h5>Produktdetails<\/h5>\n<table>\n<tbody>\n<tr>\n<td width=\"302\"><strong>Hersteller:<\/strong><\/td>\n<td width=\"302\">UTAX<\/td>\n<\/tr>\n<tr>\n<td width=\"302\"><strong>Ger\u00e4tetyp:<\/strong><\/td>\n<td width=\"302\">Tischger\u00e4t<\/td>\n<\/tr>\n<tr>\n<td width=\"302\"><strong>Funktionen:<\/strong><\/td>\n<td width=\"302\">Drucken<\/td>\n<\/tr>\n<tr>\n<td width=\"302\"><strong>Druckertechnologie:<\/strong><\/td>\n<td width=\"302\">Laser S\/W<\/td>\n<\/tr>\n<tr>\n<td width=\"302\"><strong>Druckformat<\/strong><\/td>\n<td width=\"302\">max. DIN A4<\/td>\n<\/tr>\n<tr>\n<td width=\"302\"><strong>Druckgeschwindigkeit:<\/strong><\/td>\n<td width=\"302\">max. 50 DIN-A4-Seiten\/Min., Duplex: max. 35,5 DIN-A4-Seiten\/Min.<\/td>\n<\/tr>\n<tr>\n<td width=\"302\"><strong>Druckaufl\u00f6sung:<\/strong><\/td>\n<td width=\"302\">1.200 x 1.200 dpi<\/td>\n<\/tr>\n<tr>\n<td width=\"302\"><strong>Schnittstellen:<\/strong><\/td>\n<td width=\"302\">USB 2.0, 10\/100\/1000BaseTX, USB-Host<\/td>\n<\/tr>\n<tr>\n<td width=\"302\"><strong>Abmessung:<\/strong><\/td>\n<td width=\"302\">343 x 390 x 416 mm (H x B x T)<\/td>\n<\/tr>\n<tr>\n<td width=\"302\"><strong>Gewicht:<\/strong><\/td>\n<td width=\"302\">ca. 15,3 kg<\/td>\n<\/tr>\n<\/tbody>\n<\/table>\n<\/div>\n","protected":false},"excerpt":{"rendered":"<p><a class=\"button\" href=\"https:\/\/flori-kopiersysteme.de\/wp-content\/uploads\/2024\/09\/DE_DB_P-4532DN_P-5032DN_P-5532DN_P-6033DN_UT_Rev_6.pdf\">Download Produktbrosch\u00fcre<\/a><\/p>\n","protected":false},"featured_media":4199,"template":"","meta":[],"product_cat":[76,102],"product_tag":[],"class_list":{"0":"post-4141","1":"product","2":"type-product","3":"status-publish","4":"has-post-thumbnail","6":"product_cat-drucker","7":"product_cat-tischgerat","8":"product_shipping_class-europe","10":"first","11":"instock","12":"taxable","13":"shipping-taxable","14":"purchasable","15":"product-type-simple"},"_links":{"self":[{"href":"https:\/\/flori-kopiersysteme.de\/index.php?rest_route=\/wp\/v2\/product\/4141"}],"collection":[{"href":"https:\/\/flori-kopiersysteme.de\/index.php?rest_route=\/wp\/v2\/product"}],"about":[{"href":"https:\/\/flori-kopiersysteme.de\/index.php?rest_route=\/wp\/v2\/types\/product"}],"version-history":[{"count":1,"href":"https:\/\/flori-kopiersysteme.de\/index.php?rest_route=\/wp\/v2\/product\/4141\/revisions"}],"predecessor-version":[{"id":4147,"href":"https:\/\/flori-kopiersysteme.de\/index.php?rest_route=\/wp\/v2\/product\/4141\/revisions\/4147"}],"wp:featuredmedia":[{"embeddable":true,"href":"https:\/\/flori-kopiersysteme.de\/index.php?rest_route=\/wp\/v2\/media\/4199"}],"wp:attachment":[{"href":"https:\/\/flori-kopiersysteme.de\/index.php?rest_route=%2Fwp%2Fv2%2Fmedia&parent=4141"}],"wp:term":[{"taxonomy":"product_cat","embeddable":true,"href":"https:\/\/flori-kopiersysteme.de\/index.php?rest_route=%2Fwp%2Fv2%2Fproduct_cat&post=4141"},{"taxonomy":"product_tag","embeddable":true,"href":"https:\/\/flori-kopiersysteme.de\/index.php?rest_route=%2Fwp%2Fv2%2Fproduct_tag&post=4141"}],"curies":[{"name":"wp","href":"https:\/\/api.w.org\/{rel}","templated":true}]}}