{"id":4155,"date":"2024-09-17T12:10:52","date_gmt":"2024-09-17T12:10:52","guid":{"rendered":"https:\/\/flori-kopiersysteme.de\/?post_type=product&#038;p=4155"},"modified":"2024-09-18T12:53:49","modified_gmt":"2024-09-18T12:53:49","slug":"utax-3207ci","status":"publish","type":"product","link":"https:\/\/flori-kopiersysteme.de\/?product=utax-3207ci","title":{"rendered":"UTAX 3207ci"},"content":{"rendered":"<div class=\"mmt-custom-content col-sm-12 mmt-table-custom-parent col-lg-12\">\n<p>Das DIN-A3-Farb-Multifunktionssystem 3207ci besticht durch hohe Sicherheitsstandards, Zuverl\u00e4ssigkeit und umfassende Funktionalit\u00e4t.<\/p>\n<p>Ein besonderes Highlight ist der Dual-Scanner mit Ultraschallsensor zur Mehrfacheinzugserkennung. Dieser verhindert nicht nur den Mehrfacheinzug von Originalen, sondern erm\u00f6glicht auch das Einscannen und Digitalisieren von Dokumenten mit h\u00f6herer Geschwindigkeit.<\/p>\n<p>Das gro\u00dfe Farb-Touch-Display sorgt f\u00fcr eine intuitive Bedienung, sodass Sie Ihre Aufgaben m\u00fchelos und effizient erledigen k\u00f6nnen. Dokumente k\u00f6nnen mit bis zu 180 Bildseiten pro Minute (300 dpi in Schwarzwei\u00df und Farbe) digitalisiert und entspannt eingescannt werden.<\/p>\n<p>Die Systeme verarbeiten eine breite Palette von Formaten (von DIN A6R bis SRA3) und Papiergrammaturen (52-300 g\/m\u00b2) und bieten zudem vielf\u00e4ltige Endverarbeitungsm\u00f6glichkeiten.<\/p>\n<p>Erleben Sie, wie das DIN-A3-Farb-Multifunktionssystem 3207ci Ihren Arbeitsalltag sicherer und effizienter gestaltet.<\/p>\n<h5>Produktdetails<\/h5>\n<table>\n<tbody>\n<tr>\n<td width=\"302\"><strong>Hersteller:<\/strong><\/td>\n<td width=\"302\">UTAX<\/td>\n<\/tr>\n<tr>\n<td width=\"302\"><strong>Art:<\/strong><\/td>\n<td width=\"302\">Multifunktionsger\u00e4t farbig<\/td>\n<\/tr>\n<tr>\n<td width=\"302\"><strong>Ger\u00e4tetyp:<\/strong><\/td>\n<td width=\"302\">Standger\u00e4t<\/td>\n<\/tr>\n<tr>\n<td width=\"302\"><strong>Funktionen:<\/strong><\/td>\n<td width=\"302\">Kopieren, Drucken, Scannen<\/td>\n<\/tr>\n<tr>\n<td width=\"302\"><strong>Druckertechnologie:<\/strong><\/td>\n<td width=\"302\">Laser Farbe und S\/W<\/td>\n<\/tr>\n<tr>\n<td width=\"302\"><strong>Scantechnologie:<\/strong><\/td>\n<td width=\"302\">Farbe und s\/w<\/td>\n<\/tr>\n<tr>\n<td width=\"302\"><strong>Kopierformat:<\/strong><\/td>\n<td width=\"302\">max. DIN A3<\/td>\n<\/tr>\n<tr>\n<td width=\"302\"><strong>Druckformat<\/strong><\/td>\n<td width=\"302\">DIN A6R-SRA3<\/td>\n<\/tr>\n<tr>\n<td width=\"302\"><strong>Scanformat<\/strong><\/td>\n<td width=\"302\">max. DIN A3<\/td>\n<\/tr>\n<tr>\n<td width=\"302\"><strong>Kopier-\/Druckgeschwindigkeit:<\/strong><\/td>\n<td width=\"302\">max. 32 DIN-A4-Seiten\/Min. und max. 16 DIN-A3-Seiten\/Min. in Farbe und s\/w<\/td>\n<\/tr>\n<tr>\n<td width=\"302\"><strong>Scangeschwindigkeit:<\/strong><\/td>\n<td width=\"302\">max. 100\/180 DIN-A4-Originale\/Min. (Simplex\/Duplex) in Farbe und s\/w mit DP-7130 (300 dpi)<\/td>\n<\/tr>\n<tr>\n<td width=\"302\"><strong>Kopieraufl\u00f6sung:<\/strong><\/td>\n<td width=\"302\">600 x 600 dpi<\/td>\n<\/tr>\n<tr>\n<td width=\"302\"><strong>Druckaufl\u00f6sung:<\/strong><\/td>\n<td width=\"302\">600 x 600 dpi, max. 1.200 x 1.200 dpi<\/td>\n<\/tr>\n<tr>\n<td width=\"302\"><strong>Scanaufl\u00f6sung:<\/strong><\/td>\n<td width=\"302\">200 dpi, 300 dpi, 400 dpi, 600 dpi<\/td>\n<\/tr>\n<tr>\n<td width=\"302\"><strong>Schnittstellen:<\/strong><\/td>\n<td width=\"302\">USB 3.0, USB 2.0, 10\/100\/1000BaseTX, USB Host<\/td>\n<\/tr>\n<tr>\n<td width=\"302\"><strong>Abmessung:<\/strong><\/td>\n<td width=\"302\">790 x 602 x 665 mm (H x B x T)<\/td>\n<\/tr>\n<tr>\n<td width=\"302\"><strong>Gewicht:<\/strong><\/td>\n<td width=\"302\">ca. 90 kg<\/td>\n<\/tr>\n<\/tbody>\n<\/table>\n<\/div>\n","protected":false},"excerpt":{"rendered":"<p><a class=\"button\" href=\"https:\/\/flori-kopiersysteme.de\/wp-content\/uploads\/2024\/09\/DE_DB_2507ci_3207ci_UT_Rev_2.pdf\">Download Produktbrosch\u00fcre<\/a><\/p>\n","protected":false},"featured_media":4192,"template":"","meta":[],"product_cat":[103,101],"product_tag":[],"class_list":{"0":"post-4155","1":"product","2":"type-product","3":"status-publish","4":"has-post-thumbnail","6":"product_cat-farbkopierer","7":"product_cat-standgerat","8":"product_shipping_class-europe","10":"first","11":"instock","12":"taxable","13":"shipping-taxable","14":"purchasable","15":"product-type-simple"},"_links":{"self":[{"href":"https:\/\/flori-kopiersysteme.de\/index.php?rest_route=\/wp\/v2\/product\/4155"}],"collection":[{"href":"https:\/\/flori-kopiersysteme.de\/index.php?rest_route=\/wp\/v2\/product"}],"about":[{"href":"https:\/\/flori-kopiersysteme.de\/index.php?rest_route=\/wp\/v2\/types\/product"}],"version-history":[{"count":1,"href":"https:\/\/flori-kopiersysteme.de\/index.php?rest_route=\/wp\/v2\/product\/4155\/revisions"}],"predecessor-version":[{"id":4158,"href":"https:\/\/flori-kopiersysteme.de\/index.php?rest_route=\/wp\/v2\/product\/4155\/revisions\/4158"}],"wp:featuredmedia":[{"embeddable":true,"href":"https:\/\/flori-kopiersysteme.de\/index.php?rest_route=\/wp\/v2\/media\/4192"}],"wp:attachment":[{"href":"https:\/\/flori-kopiersysteme.de\/index.php?rest_route=%2Fwp%2Fv2%2Fmedia&parent=4155"}],"wp:term":[{"taxonomy":"product_cat","embeddable":true,"href":"https:\/\/flori-kopiersysteme.de\/index.php?rest_route=%2Fwp%2Fv2%2Fproduct_cat&post=4155"},{"taxonomy":"product_tag","embeddable":true,"href":"https:\/\/flori-kopiersysteme.de\/index.php?rest_route=%2Fwp%2Fv2%2Fproduct_tag&post=4155"}],"curies":[{"name":"wp","href":"https:\/\/api.w.org\/{rel}","templated":true}]}}