{"id":4181,"date":"2024-09-17T12:53:25","date_gmt":"2024-09-17T12:53:25","guid":{"rendered":"https:\/\/flori-kopiersysteme.de\/?post_type=product&#038;p=4181"},"modified":"2024-10-08T19:36:49","modified_gmt":"2024-10-08T19:36:49","slug":"utax-4056i","status":"publish","type":"product","link":"https:\/\/flori-kopiersysteme.de\/?product=utax-4056i","title":{"rendered":"UTAX 4056i"},"content":{"rendered":"<div class=\"mmt-custom-content col-sm-12 mmt-table-custom-parent col-lg-12\">\n<p>Das DIN-A3-Schwarzwei\u00df-Multifunktionssystem 4056i vereinfacht s\u00e4mtliche B\u00fcroarbeiten wie Kopieren, Drucken, Scannen, Papiermanagement und Endverarbeitung. Dank des anpassbaren Farb-Touch-Displays k\u00f6nnen Nutzer alle Funktionen des Systems m\u00fchelos und effizient steuern.<\/p>\n<p>Das System arbeitet energieeffizient und schont die Umwelt, beispielsweise durch die Leerseitenerkennung, bei der auf Wunsch leere Seiten beim Scannen und Kopieren herausgefiltert werden. Es verarbeitet Papiergrammaturen von 52 bis 300 g\/m\u00b2 und Formate von DIN A6 bis SRA3 aus der Papierkassette.<\/p>\n<p>Nach einer kurzen Aufw\u00e4rmzeit von nur 17 Sekunden ist das System einsatzbereit und druckt bis zu 40 Seiten pro Minute. Mit der optionalen Scanerweiterung k\u00f6nnen Sie textdurchsuchbare PDF-Dateien erstellen, wodurch das l\u00e4stige Abtippen von Texten entf\u00e4llt.<\/p>\n<p>Entdecken Sie, wie das DIN-A3-Schwarzwei\u00df-Multifunktionssystem 4056i Ihren Arbeitsalltag durch seine Benutzerfreundlichkeit, Effizienz und hohe Leistungsf\u00e4higkeit erleichtert.<\/p>\n<h5>Produktdetails<\/h5>\n<table>\n<tbody>\n<tr>\n<td width=\"302\"><strong>Hersteller:<\/strong><\/td>\n<td width=\"302\">UTAX<\/td>\n<\/tr>\n<tr>\n<td width=\"302\"><strong>Art:<\/strong><\/td>\n<td width=\"302\">Multifunktionsger\u00e4t<\/td>\n<\/tr>\n<tr>\n<td width=\"302\"><strong>Ger\u00e4tetyp:<\/strong><\/td>\n<td width=\"302\">Standger\u00e4t<\/td>\n<\/tr>\n<tr>\n<td width=\"302\"><strong>Funktionen:<\/strong><\/td>\n<td width=\"302\">Kopieren, Drucken, Scannen<\/td>\n<\/tr>\n<tr>\n<td width=\"302\"><strong>Druckertechnologie:<\/strong><\/td>\n<td width=\"302\">Laser S\/W<\/td>\n<\/tr>\n<tr>\n<td width=\"302\"><strong>Scantechnologie:<\/strong><\/td>\n<td width=\"302\">Farbe und s\/w<\/td>\n<\/tr>\n<tr>\n<td width=\"302\"><strong>Kopierformat:<\/strong><\/td>\n<td width=\"302\">max. DIN A3<\/td>\n<\/tr>\n<tr>\n<td width=\"302\"><strong>Druckformat<\/strong><\/td>\n<td width=\"302\">DIN A6R-SRA3<\/td>\n<\/tr>\n<tr>\n<td width=\"302\"><strong>Scanformat<\/strong><\/td>\n<td width=\"302\">max. DIN A3<\/td>\n<\/tr>\n<tr>\n<td width=\"302\"><strong>Kopier-\/Druckgeschwindigkeit:<\/strong><\/td>\n<td width=\"302\">max. 40 DIN-A4-Seiten\/Min. und max. 20 DIN-A3-Seiten\/Min.<\/td>\n<\/tr>\n<tr>\n<td width=\"302\"><strong>Scangeschwindigkeit:<\/strong><\/td>\n<td width=\"302\">max. 100 (Simplex) oder 180 (Duplex) DIN-A4-Originale\/Min. in Farbe und s\/w mit DP-7110 (300 dpi)<\/td>\n<\/tr>\n<tr>\n<td width=\"302\"><strong>Kopieraufl\u00f6sung:<\/strong><\/td>\n<td width=\"302\">600 x 600 dpi<\/td>\n<\/tr>\n<tr>\n<td width=\"302\"><strong>Druckaufl\u00f6sung:<\/strong><\/td>\n<td width=\"302\">600 x 600 dpi, max. 1.200 x 1.200 dpi<\/td>\n<\/tr>\n<tr>\n<td width=\"302\"><strong>Scanaufl\u00f6sung:<\/strong><\/td>\n<td width=\"302\">200 dpi, 300 dpi, 400 dpi, 600 dpi<\/td>\n<\/tr>\n<tr>\n<td width=\"302\"><strong>Schnittstellen:<\/strong><\/td>\n<td width=\"302\">USB 2.0, 10\/100\/1000BaseTX, USB-Host<\/td>\n<\/tr>\n<tr>\n<td width=\"302\"><strong>Abmessung:<\/strong><\/td>\n<td width=\"302\">790 x 602 x 665 mm (H x B x T)<\/td>\n<\/tr>\n<tr>\n<td width=\"302\"><strong>Gewicht:<\/strong><\/td>\n<td width=\"302\">ca. 83 kg<\/td>\n<\/tr>\n<\/tbody>\n<\/table>\n<\/div>\n","protected":false},"excerpt":{"rendered":"<p><a class=\"button\" href=\"https:\/\/flori-kopiersysteme.de\/wp-content\/uploads\/2024\/09\/DB_UT_4056i_5056i_6056i_D.pdf\">Download Produktbrosch\u00fcre<\/a><\/p>\n","protected":false},"featured_media":4190,"template":"","meta":[],"product_cat":[74,101],"product_tag":[],"class_list":{"0":"post-4181","1":"product","2":"type-product","3":"status-publish","4":"has-post-thumbnail","6":"product_cat-kopierer-s-w","7":"product_cat-standgerat","8":"product_shipping_class-europe","10":"first","11":"instock","12":"taxable","13":"shipping-taxable","14":"purchasable","15":"product-type-simple"},"_links":{"self":[{"href":"https:\/\/flori-kopiersysteme.de\/index.php?rest_route=\/wp\/v2\/product\/4181"}],"collection":[{"href":"https:\/\/flori-kopiersysteme.de\/index.php?rest_route=\/wp\/v2\/product"}],"about":[{"href":"https:\/\/flori-kopiersysteme.de\/index.php?rest_route=\/wp\/v2\/types\/product"}],"version-history":[{"count":5,"href":"https:\/\/flori-kopiersysteme.de\/index.php?rest_route=\/wp\/v2\/product\/4181\/revisions"}],"predecessor-version":[{"id":4270,"href":"https:\/\/flori-kopiersysteme.de\/index.php?rest_route=\/wp\/v2\/product\/4181\/revisions\/4270"}],"wp:featuredmedia":[{"embeddable":true,"href":"https:\/\/flori-kopiersysteme.de\/index.php?rest_route=\/wp\/v2\/media\/4190"}],"wp:attachment":[{"href":"https:\/\/flori-kopiersysteme.de\/index.php?rest_route=%2Fwp%2Fv2%2Fmedia&parent=4181"}],"wp:term":[{"taxonomy":"product_cat","embeddable":true,"href":"https:\/\/flori-kopiersysteme.de\/index.php?rest_route=%2Fwp%2Fv2%2Fproduct_cat&post=4181"},{"taxonomy":"product_tag","embeddable":true,"href":"https:\/\/flori-kopiersysteme.de\/index.php?rest_route=%2Fwp%2Fv2%2Fproduct_tag&post=4181"}],"curies":[{"name":"wp","href":"https:\/\/api.w.org\/{rel}","templated":true}]}}